{"id":242,"date":"2026-03-05T06:36:00","date_gmt":"2026-03-05T06:36:00","guid":{"rendered":"https:\/\/staging-prod-mi.cdcndevelopment.com\/forms\/"},"modified":"2026-04-06T06:34:24","modified_gmt":"2026-04-06T06:34:24","slug":"forms","status":"publish","type":"page","link":"https:\/\/www.consumerdirectmi.com\/es\/forms\/","title":{"rendered":"Formularios"},"content":{"rendered":"<div data-elementor-type=\"wp-page\" data-elementor-id=\"242\" class=\"elementor elementor-242\" data-elementor-post-type=\"page\">\n\t\t\t\t<div class=\"elementor-element elementor-element-3d26a5a4 e-con-full elementor-hidden-desktop e-flex e-con e-parent\" data-id=\"3d26a5a4\" data-element_type=\"container\" data-settings=\"{&quot;background_background&quot;:&quot;classic&quot;}\">\n\t\t\t\t<div class=\"elementor-element elementor-element-1b307577 elementor-widget elementor-widget-n-accordion\" data-id=\"1b307577\" data-element_type=\"widget\" data-settings=\"{&quot;default_state&quot;:&quot;all_collapsed&quot;,&quot;max_items_expended&quot;:&quot;one&quot;,&quot;n_accordion_animation_duration&quot;:{&quot;unit&quot;:&quot;ms&quot;,&quot;size&quot;:400,&quot;sizes&quot;:[]}}\" data-widget_type=\"nested-accordion.default\">\n\t\t\t\t\t\t\t<div class=\"e-n-accordion\" aria-label=\"Acorde\u00f3n. Abre enlaces con Intro o Espacio, cierra con Escape y navega con las Teclas de flecha\">\n\t\t\t\t\t\t<details id=\"e-n-accordion-item-4560\" class=\"e-n-accordion-item\" >\n\t\t\t\t<summary class=\"e-n-accordion-item-title\" data-accordion-index=\"1\" tabindex=\"0\" aria-expanded=\"false\" aria-controls=\"e-n-accordion-item-4560\" >\n\t\t\t\t\t<span class='e-n-accordion-item-title-header'><div class=\"e-n-accordion-item-title-text\"> Seleccionar Secci\u00f3n <\/div><\/span>\n\t\t\t\t\t\t\t<span class='e-n-accordion-item-title-icon'>\n\t\t\t<span class='e-opened' ><svg xmlns=\"http:\/\/www.w3.org\/2000\/svg\" width=\"24\" height=\"24\" viewbox=\"0 0 24 24\" fill=\"none\"><path d=\"M5 13V11H19V13H5Z\" fill=\"#003764\"><\/path><\/svg><\/span>\n\t\t\t<span class='e-closed'><svg xmlns=\"http:\/\/www.w3.org\/2000\/svg\" width=\"24\" height=\"24\" viewbox=\"0 0 24 24\" fill=\"none\"><path d=\"M11 13H5V11H11V5H13V11H19V13H13V19H11V13Z\" fill=\"#003764\"><\/path><\/svg><\/span>\n\t\t<\/span>\n\n\t\t\t\t\t\t<\/summary>\n\t\t\t\t<div role=\"region\" aria-labelledby=\"e-n-accordion-item-4560\" class=\"elementor-element elementor-element-4bd378e2 e-con-full e-flex e-con e-child\" data-id=\"4bd378e2\" data-element_type=\"container\">\n\t\t\t\t<div class=\"elementor-element elementor-element-56abb424 sticky-list-mb elementor-icon-list--layout-traditional elementor-list-item-link-full_width elementor-widget elementor-widget-icon-list\" data-id=\"56abb424\" data-element_type=\"widget\" data-widget_type=\"icon-list.default\">\n\t\t\t\t\t\t\t<ul class=\"elementor-icon-list-items\">\n\t\t\t\t\t\t\t<li class=\"elementor-icon-list-item\">\n\t\t\t\t\t\t\t\t\t\t\t<a href=\"#individuals\">\n\n\t\t\t\t\t\t\t\t\t\t\t<span class=\"elementor-icon-list-text\">Particulares<\/span>\n\t\t\t\t\t\t\t\t\t\t\t<\/a>\n\t\t\t\t\t\t\t\t\t<\/li>\n\t\t\t\t\t\t\t\t<li class=\"elementor-icon-list-item\">\n\t\t\t\t\t\t\t\t\t\t\t<a href=\"#workers\">\n\n\t\t\t\t\t\t\t\t\t\t\t<span class=\"elementor-icon-list-text\">Trabajadores<\/span>\n\t\t\t\t\t\t\t\t\t\t\t<\/a>\n\t\t\t\t\t\t\t\t\t<\/li>\n\t\t\t\t\t\t\t\t<li class=\"elementor-icon-list-item\">\n\t\t\t\t\t\t\t\t\t\t\t<a href=\"#legal-representative\">\n\n\t\t\t\t\t\t\t\t\t\t\t<span class=\"elementor-icon-list-text\">Representante legal<\/span>\n\t\t\t\t\t\t\t\t\t\t\t<\/a>\n\t\t\t\t\t\t\t\t\t<\/li>\n\t\t\t\t\t\t\t\t<li class=\"elementor-icon-list-item\">\n\t\t\t\t\t\t\t\t\t\t\t<a href=\"#time-sheet\">\n\n\t\t\t\t\t\t\t\t\t\t\t<span class=\"elementor-icon-list-text\">Hojas de tiempo e instrucciones<\/span>\n\t\t\t\t\t\t\t\t\t\t\t<\/a>\n\t\t\t\t\t\t\t\t\t<\/li>\n\t\t\t\t\t\t\t\t<li class=\"elementor-icon-list-item\">\n\t\t\t\t\t\t\t\t\t\t\t<a href=\"#payroll-form\">\n\n\t\t\t\t\t\t\t\t\t\t\t<span class=\"elementor-icon-list-text\">N\u00f3mina <\/span>\n\t\t\t\t\t\t\t\t\t\t\t<\/a>\n\t\t\t\t\t\t\t\t\t<\/li>\n\t\t\t\t\t\t<\/ul>\n\t\t\t\t\t\t<\/div>\n\t\t\t\t<\/div>\n\t\t\t\t\t<\/details>\n\t\t\t\t\t<\/div>\n\t\t\t\t\t\t<\/div>\n\t\t\t\t<\/div>\n\t\t<div class=\"elementor-element elementor-element-1ea9c5bc e-con-full e-flex e-con e-parent\" data-id=\"1ea9c5bc\" data-element_type=\"container\" id=\"individuals\" data-settings=\"{&quot;background_background&quot;:&quot;classic&quot;}\">\n\t\t<div class=\"elementor-element elementor-element-294c368 e-con-full elementor-hidden-tablet elementor-hidden-mobile e-flex e-con e-child\" data-id=\"294c368\" data-element_type=\"container\">\n\t\t\t\t<div class=\"elementor-element elementor-element-43611f9 sticky-list elementor-icon-list--layout-traditional elementor-list-item-link-full_width elementor-widget elementor-widget-icon-list\" data-id=\"43611f9\" data-element_type=\"widget\" data-settings=\"{&quot;sticky&quot;:&quot;top&quot;,&quot;sticky_offset&quot;:150,&quot;sticky_on&quot;:[&quot;desktop&quot;],&quot;sticky_effects_offset&quot;:0,&quot;sticky_anchor_link_offset&quot;:0}\" data-widget_type=\"icon-list.default\">\n\t\t\t\t\t\t\t<ul class=\"elementor-icon-list-items\">\n\t\t\t\t\t\t\t<li class=\"elementor-icon-list-item\">\n\t\t\t\t\t\t\t\t\t\t\t<a href=\"#individuals\">\n\n\t\t\t\t\t\t\t\t\t\t\t<span class=\"elementor-icon-list-text\">Particulares<\/span>\n\t\t\t\t\t\t\t\t\t\t\t<\/a>\n\t\t\t\t\t\t\t\t\t<\/li>\n\t\t\t\t\t\t\t\t<li class=\"elementor-icon-list-item\">\n\t\t\t\t\t\t\t\t\t\t\t<a href=\"#workers\">\n\n\t\t\t\t\t\t\t\t\t\t\t<span class=\"elementor-icon-list-text\">Trabajadores<\/span>\n\t\t\t\t\t\t\t\t\t\t\t<\/a>\n\t\t\t\t\t\t\t\t\t<\/li>\n\t\t\t\t\t\t\t\t<li class=\"elementor-icon-list-item\">\n\t\t\t\t\t\t\t\t\t\t\t<a href=\"#legal-representative\">\n\n\t\t\t\t\t\t\t\t\t\t\t<span class=\"elementor-icon-list-text\">Representante legal<\/span>\n\t\t\t\t\t\t\t\t\t\t\t<\/a>\n\t\t\t\t\t\t\t\t\t<\/li>\n\t\t\t\t\t\t\t\t<li class=\"elementor-icon-list-item\">\n\t\t\t\t\t\t\t\t\t\t\t<a href=\"#time-sheet\">\n\n\t\t\t\t\t\t\t\t\t\t\t<span class=\"elementor-icon-list-text\">Hojas de tiempo e instrucciones<\/span>\n\t\t\t\t\t\t\t\t\t\t\t<\/a>\n\t\t\t\t\t\t\t\t\t<\/li>\n\t\t\t\t\t\t\t\t<li class=\"elementor-icon-list-item\">\n\t\t\t\t\t\t\t\t\t\t\t<a href=\"#payroll-form\">\n\n\t\t\t\t\t\t\t\t\t\t\t<span class=\"elementor-icon-list-text\">N\u00f3mina <\/span>\n\t\t\t\t\t\t\t\t\t\t\t<\/a>\n\t\t\t\t\t\t\t\t\t<\/li>\n\t\t\t\t\t\t<\/ul>\n\t\t\t\t\t\t<\/div>\n\t\t\t\t<\/div>\n\t\t<div class=\"elementor-element elementor-element-267ea8ba e-con-full e-flex e-con e-child\" data-id=\"267ea8ba\" data-element_type=\"container\">\n\t\t<div class=\"elementor-element elementor-element-1bd02bf2 e-con-full e-flex e-con e-child\" data-id=\"1bd02bf2\" data-element_type=\"container\">\n\t\t\t\t<div class=\"elementor-element elementor-element-7f8cac2b section-tag-grey elementor-widget elementor-widget-heading\" data-id=\"7f8cac2b\" data-element_type=\"widget\" data-widget_type=\"heading.default\">\n\t\t\t\t\t<h2 class=\"elementor-heading-title elementor-size-default\">Red de Atenci\u00f3n Directa al Consumidor de Michigan<\/h2>\t\t\t\t<\/div>\n\t\t\t\t<\/div>\n\t\t<div class=\"elementor-element elementor-element-1c04215b e-con-full e-flex e-con e-child\" data-id=\"1c04215b\" data-element_type=\"container\" id=\"member-form\">\n\t\t\t\t<div class=\"elementor-element elementor-element-7410ae98 elementor-widget elementor-widget-heading\" data-id=\"7410ae98\" data-element_type=\"widget\" data-widget_type=\"heading.default\">\n\t\t\t\t\t<h1 class=\"elementor-heading-title elementor-size-default\">FORMULARIOS<\/h1>\t\t\t\t<\/div>\n\t\t\t\t<div class=\"elementor-element elementor-element-640507a8 elementor-widget elementor-widget-text-editor\" data-id=\"640507a8\" data-element_type=\"widget\" data-widget_type=\"text-editor.default\">\n\t\t\t\t\t\t\t\t\t<p>Por favor, descargue los formularios pertinentes, impr\u00edmalos, rell\u00e9nelos y env\u00edelos a <a href=\"mailto:InfoCDMI@ConsumerDirectCare.com\"><span data-olk-copy-source=\"MessageBody\">InfoCDMI<\/span>@ConsumerDirectCare.com<\/a>. Si necesita ayuda, no dude en <a href=\"\/es\/contact\/\">Cont\u00e1ctanos.<\/a><\/p>\t\t\t\t\t\t\t\t<\/div>\n\t\t\t\t<div class=\"elementor-element elementor-element-601a2e9 elementor-widget elementor-widget-heading\" data-id=\"601a2e9\" data-element_type=\"widget\" data-widget_type=\"heading.default\">\n\t\t\t\t\t<h4 class=\"elementor-heading-title elementor-size-default\">Formularios de personas o representantes autorizados<\/h4>\t\t\t\t<\/div>\n\t\t\t\t<div class=\"elementor-element elementor-element-c9d5bff elementor-widget elementor-widget-heading\" data-id=\"c9d5bff\" data-element_type=\"widget\" data-widget_type=\"heading.default\">\n\t\t\t\t\t<span class=\"elementor-heading-title elementor-size-default\">Pr\u00f3ximamente<\/span>\t\t\t\t<\/div>\n\t\t\t\t<\/div>\n\t\t\t\t<\/div>\n\t\t\t\t<\/div>\n\t\t<div class=\"elementor-element elementor-element-42185ff1 e-con-full e-flex e-con e-parent\" data-id=\"42185ff1\" data-element_type=\"container\" id=\"workers\" data-settings=\"{&quot;background_background&quot;:&quot;classic&quot;}\">\n\t\t<div class=\"elementor-element elementor-element-3d85d3ef e-con-full elementor-hidden-tablet elementor-hidden-mobile e-flex e-con e-child\" data-id=\"3d85d3ef\" data-element_type=\"container\">\n\t\t\t\t<\/div>\n\t\t<div class=\"elementor-element elementor-element-31dea1e3 e-con-full e-flex e-con e-child\" data-id=\"31dea1e3\" data-element_type=\"container\">\n\t\t\t\t<div class=\"elementor-element elementor-element-4404538e elementor-widget elementor-widget-heading\" data-id=\"4404538e\" data-element_type=\"widget\" data-widget_type=\"heading.default\">\n\t\t\t\t\t<h4 class=\"elementor-heading-title elementor-size-default\">Formularios de trabajadores<\/h4>\t\t\t\t<\/div>\n\t\t\t\t<div class=\"elementor-element elementor-element-7c031aa elementor-widget elementor-widget-heading\" data-id=\"7c031aa\" data-element_type=\"widget\" data-widget_type=\"heading.default\">\n\t\t\t\t\t<span class=\"elementor-heading-title elementor-size-default\">Pr\u00f3ximamente<\/span>\t\t\t\t<\/div>\n\t\t\t\t<\/div>\n\t\t\t\t<\/div>\n\t\t<div class=\"elementor-element elementor-element-90cc86d e-con-full e-flex e-con e-parent\" data-id=\"90cc86d\" data-element_type=\"container\" id=\"legal-representative\" data-settings=\"{&quot;background_background&quot;:&quot;classic&quot;}\">\n\t\t<div class=\"elementor-element elementor-element-95b6313 e-con-full elementor-hidden-tablet elementor-hidden-mobile e-flex e-con e-child\" data-id=\"95b6313\" data-element_type=\"container\">\n\t\t\t\t<\/div>\n\t\t<div class=\"elementor-element elementor-element-4be8e835 e-con-full e-flex e-con e-child\" data-id=\"4be8e835\" data-element_type=\"container\">\n\t\t\t\t<div class=\"elementor-element elementor-element-1407e67c elementor-widget elementor-widget-heading\" data-id=\"1407e67c\" data-element_type=\"widget\" data-widget_type=\"heading.default\">\n\t\t\t\t\t<h4 class=\"elementor-heading-title elementor-size-default\">Formularios de representante legal<\/h4>\t\t\t\t<\/div>\n\t\t\t\t<div class=\"elementor-element elementor-element-eca22f8 elementor-widget elementor-widget-heading\" data-id=\"eca22f8\" data-element_type=\"widget\" data-widget_type=\"heading.default\">\n\t\t\t\t\t<span class=\"elementor-heading-title elementor-size-default\">Pr\u00f3ximamente<\/span>\t\t\t\t<\/div>\n\t\t\t\t<\/div>\n\t\t\t\t<\/div>\n\t\t<div class=\"elementor-element elementor-element-54b7fb40 e-con-full e-flex e-con e-parent\" data-id=\"54b7fb40\" data-element_type=\"container\" id=\"time-sheet\" data-settings=\"{&quot;background_background&quot;:&quot;classic&quot;}\">\n\t\t<div class=\"elementor-element elementor-element-732508ff e-con-full elementor-hidden-tablet elementor-hidden-mobile e-flex e-con e-child\" data-id=\"732508ff\" data-element_type=\"container\">\n\t\t\t\t<\/div>\n\t\t<div class=\"elementor-element elementor-element-2b4ae675 e-con-full e-flex e-con e-child\" data-id=\"2b4ae675\" data-element_type=\"container\">\n\t\t\t\t<div class=\"elementor-element elementor-element-677578cf elementor-widget elementor-widget-heading\" data-id=\"677578cf\" data-element_type=\"widget\" data-widget_type=\"heading.default\">\n\t\t\t\t\t<h4 class=\"elementor-heading-title elementor-size-default\">Hojas de tiempo e instrucciones<\/h4>\t\t\t\t<\/div>\n\t\t\t\t<div class=\"elementor-element elementor-element-41a8f33 elementor-widget elementor-widget-heading\" data-id=\"41a8f33\" data-element_type=\"widget\" data-widget_type=\"heading.default\">\n\t\t\t\t\t<span class=\"elementor-heading-title elementor-size-default\">Pr\u00f3ximamente<\/span>\t\t\t\t<\/div>\n\t\t\t\t<\/div>\n\t\t\t\t<\/div>\n\t\t<div class=\"elementor-element elementor-element-70f4c05d e-con-full e-flex e-con e-parent\" data-id=\"70f4c05d\" data-element_type=\"container\" id=\"payroll-form\" data-settings=\"{&quot;background_background&quot;:&quot;classic&quot;}\">\n\t\t<div class=\"elementor-element elementor-element-b7ea00e e-con-full elementor-hidden-tablet elementor-hidden-mobile e-flex e-con e-child\" data-id=\"b7ea00e\" data-element_type=\"container\">\n\t\t\t\t<\/div>\n\t\t<div class=\"elementor-element elementor-element-2950d282 e-con-full e-flex e-con e-child\" data-id=\"2950d282\" data-element_type=\"container\">\n\t\t\t\t<div class=\"elementor-element elementor-element-26a432d7 elementor-widget elementor-widget-heading\" data-id=\"26a432d7\" data-element_type=\"widget\" data-widget_type=\"heading.default\">\n\t\t\t\t\t<h4 class=\"elementor-heading-title elementor-size-default\">Formularios de n\u00f3mina<\/h4>\t\t\t\t<\/div>\n\t\t\t\t<div class=\"elementor-element elementor-element-3212d149 elementor-widget elementor-widget-shortcode\" data-id=\"3212d149\" data-element_type=\"widget\" data-widget_type=\"shortcode.default\">\n\t\t\t\t\t\t\t<div class=\"elementor-shortcode\"><div class=\"cdcn-resources-wrapper layout-table-hdr\">\r\n    \r\n        <div class=\"dft-custom-table\">\r\n\r\n            \r\n                <div class=\"table-header\">Formularios e instrucciones de n\u00f3mina<\/div>\r\n                \r\n            \r\n            <div class=\"row-wrapper\">\r\n\r\n                \r\n                    \r\n                    <div class=\"table-row\">\r\n                        <div class=\"table-title\">Verificaci\u00f3n de Elegibilidad de Empleo<\/div>\r\n                        <div class=\"table-download\">\r\n\r\n                            \r\n                                \r\n                                \r\n                                \r\n                                    \r\n                                        <a target=\"_blank\" href=\"https:\/\/www.consumerdirectmi.com\/wp-content\/uploads\/sites\/31\/2026\/04\/Form-I-9-1-20-25-edition-flat-with-barcodes.pdf\">\r\n                                            <span class=\"download-icon\">\r\n                                                <!-- document icon -->\r\n                                                <svg xmlns=\"http:\/\/www.w3.org\/2000\/svg\" width=\"24\" height=\"24\" viewbox=\"0 0 24 24\" fill=\"none\">\r\n                                                    <path d=\"M6 22C5.45 22 4.97917 21.8042 4.5875 21.4125C4.19583 21.0208 4 20.55 4 20V4C4 3.45 4.19583 2.97917 4.5875 2.5875C4.97917 2.19583 5.45 2 6 2H14L20 8V20C20 20.55 19.8042 21.0208 19.4125 21.4125C19.0208 21.8042 18.55 22 18 22H6ZM13 9V4H6V20H18V9H13Z\" fill=\"#003764\"><\/path>\r\n                                                <\/svg>\r\n                                            <\/span>\r\n                                            <span class=\"download-text\">Ver m\u00e1s<\/span>\r\n                                        <\/a>\r\n                                    \r\n                                                                        \r\n                                \r\n                                \r\n\r\n                            \r\n                        <\/div>\r\n                    <\/div>\r\n                    \r\n                \r\n                    \r\n                    <div class=\"table-row\">\r\n                        <div class=\"table-title\">Certificado de retenci\u00f3n del empleado<\/div>\r\n                        <div class=\"table-download\">\r\n\r\n                            \r\n                                \r\n                                \r\n                                \r\n                                    \r\n                                        <a target=\"_blank\" href=\"https:\/\/www.consumerdirectmi.com\/wp-content\/uploads\/sites\/31\/2026\/04\/2026-Form-W-4_barcoded.pdf\">\r\n                                            <span class=\"download-icon\">\r\n                                                <!-- document icon -->\r\n                                                <svg xmlns=\"http:\/\/www.w3.org\/2000\/svg\" width=\"24\" height=\"24\" viewbox=\"0 0 24 24\" fill=\"none\">\r\n                                                    <path d=\"M6 22C5.45 22 4.97917 21.8042 4.5875 21.4125C4.19583 21.0208 4 20.55 4 20V4C4 3.45 4.19583 2.97917 4.5875 2.5875C4.97917 2.19583 5.45 2 6 2H14L20 8V20C20 20.55 19.8042 21.0208 19.4125 21.4125C19.0208 21.8042 18.55 22 18 22H6ZM13 9V4H6V20H18V9H13Z\" fill=\"#003764\"><\/path>\r\n                                                <\/svg>\r\n                                            <\/span>\r\n                                            <span class=\"download-text\">Ver m\u00e1s<\/span>\r\n                                        <\/a>\r\n                                    \r\n                                                                        \r\n                                \r\n                                \r\n\r\n                            \r\n                        <\/div>\r\n                    <\/div>\r\n                    \r\n                            \r\n                \r\n            <\/div>\r\n\r\n        <\/div>\r\n        \r\n    \r\n    \r\n    \r\n    \r\n    <div class=\"rdc-popup-overlay\" style=\"display: none;\">\r\n      <div class=\"rdc-popup-box\">\r\n            <span class=\"rdc-popup-close\">\u00d7<\/span>\r\n            <div class=\"rdc-video-wrapper\"><\/div> \r\n      <\/div>\r\n    <\/div>\r\n\r\n    <\/div><\/div>\n\t\t\t\t\t\t<\/div>\n\t\t\t\t<\/div>\n\t\t\t\t<\/div>\n\t\t\t\t<\/div>","protected":false},"excerpt":{"rendered":"<p>Select Section Individuals Workers Legal Representative Timesheets and Instructions Payroll Individuals Workers Legal Representative Timesheets and Instructions Payroll Individuals Workers Legal Representative Timesheets and Instructions Payroll Consumer Direct Care Network Michigan FORMS Please download the relevant forms, print, fill out, and send them to InfoCDMI@ConsumerDirectCare.com. For any assistance, feel free to contact us. Individuals\/Authorized Representative [&hellip;]<\/p>","protected":false},"author":1,"featured_media":0,"parent":0,"menu_order":0,"comment_status":"closed","ping_status":"closed","template":"","meta":{"_acf_changed":false,"footnotes":""},"class_list":["post-242","page","type-page","status-publish","hentry"],"acf":[],"yoast_head":"<!-- This site is optimized with the Yoast SEO plugin v26.0 - https:\/\/yoast.com\/wordpress\/plugins\/seo\/ -->\n<title>Forms - Michigan - Consumer Direct Care<\/title>\n<meta name=\"robots\" content=\"index, follow, max-snippet:-1, max-image-preview:large, max-video-preview:-1\" \/>\n<link rel=\"canonical\" href=\"https:\/\/www.consumerdirectmi.com\/es\/forms\/\" \/>\n<meta property=\"og:locale\" content=\"es_ES\" \/>\n<meta property=\"og:type\" content=\"article\" \/>\n<meta property=\"og:title\" content=\"Forms - Michigan - Consumer Direct Care\" \/>\n<meta property=\"og:description\" content=\"Select Section Individuals Workers Legal Representative Timesheets and Instructions Payroll Individuals Workers Legal Representative Timesheets and Instructions Payroll Individuals Workers Legal Representative Timesheets and Instructions Payroll Consumer Direct Care Network Michigan FORMS Please download the relevant forms, print, fill out, and send them to InfoCDMI@ConsumerDirectCare.com. For any assistance, feel free to contact us. Individuals\/Authorized Representative [&hellip;]\" \/>\n<meta property=\"og:url\" content=\"https:\/\/www.consumerdirectmi.com\/es\/forms\/\" \/>\n<meta property=\"og:site_name\" content=\"Michigan - Consumer Direct Care\" \/>\n<meta property=\"article:modified_time\" content=\"2026-04-06T06:34:24+00:00\" \/>\n<meta name=\"twitter:card\" content=\"summary_large_image\" \/>\n<meta name=\"twitter:label1\" content=\"Tiempo de lectura\" \/>\n\t<meta name=\"twitter:data1\" content=\"1 minuto\" \/>\n<script type=\"application\/ld+json\" class=\"yoast-schema-graph\">{\"@context\":\"https:\/\/schema.org\",\"@graph\":[{\"@type\":\"WebPage\",\"@id\":\"https:\/\/www.consumerdirectmi.com\/forms\/\",\"url\":\"https:\/\/www.consumerdirectmi.com\/forms\/\",\"name\":\"Forms - Michigan - Consumer Direct Care\",\"isPartOf\":{\"@id\":\"https:\/\/www.consumerdirectmi.com\/#website\"},\"datePublished\":\"2026-03-05T06:36:00+00:00\",\"dateModified\":\"2026-04-06T06:34:24+00:00\",\"breadcrumb\":{\"@id\":\"https:\/\/www.consumerdirectmi.com\/forms\/#breadcrumb\"},\"inLanguage\":\"es\",\"potentialAction\":[{\"@type\":\"ReadAction\",\"target\":[\"https:\/\/www.consumerdirectmi.com\/forms\/\"]}]},{\"@type\":\"BreadcrumbList\",\"@id\":\"https:\/\/www.consumerdirectmi.com\/forms\/#breadcrumb\",\"itemListElement\":[{\"@type\":\"ListItem\",\"position\":1,\"name\":\"Home\",\"item\":\"https:\/\/www.consumerdirectmi.com\/\"},{\"@type\":\"ListItem\",\"position\":2,\"name\":\"Forms\"}]},{\"@type\":\"WebSite\",\"@id\":\"https:\/\/www.consumerdirectmi.com\/#website\",\"url\":\"https:\/\/www.consumerdirectmi.com\/\",\"name\":\"Michigan - Consumer Direct Care\",\"description\":\"\",\"publisher\":{\"@id\":\"https:\/\/www.consumerdirectmi.com\/#organization\"},\"potentialAction\":[{\"@type\":\"SearchAction\",\"target\":{\"@type\":\"EntryPoint\",\"urlTemplate\":\"https:\/\/www.consumerdirectmi.com\/?s={search_term_string}\"},\"query-input\":{\"@type\":\"PropertyValueSpecification\",\"valueRequired\":true,\"valueName\":\"search_term_string\"}}],\"inLanguage\":\"es\"},{\"@type\":\"Organization\",\"@id\":\"https:\/\/www.consumerdirectmi.com\/#organization\",\"name\":\"Michigan - Consumer Direct Care\",\"url\":\"https:\/\/www.consumerdirectmi.com\/\",\"logo\":{\"@type\":\"ImageObject\",\"inLanguage\":\"es\",\"@id\":\"https:\/\/www.consumerdirectmi.com\/#\/schema\/logo\/image\/\",\"url\":\"https:\/\/www.consumerdirectmi.com\/wp-content\/uploads\/sites\/31\/2026\/03\/Michigan-Logo.jpg\",\"contentUrl\":\"https:\/\/www.consumerdirectmi.com\/wp-content\/uploads\/sites\/31\/2026\/03\/Michigan-Logo.jpg\",\"width\":817,\"height\":249,\"caption\":\"Michigan - Consumer Direct Care\"},\"image\":{\"@id\":\"https:\/\/www.consumerdirectmi.com\/#\/schema\/logo\/image\/\"}}]}<\/script>\n<!-- \/ Yoast SEO plugin. -->","yoast_head_json":{"title":"Forms - Michigan - Consumer Direct Care","robots":{"index":"index","follow":"follow","max-snippet":"max-snippet:-1","max-image-preview":"max-image-preview:large","max-video-preview":"max-video-preview:-1"},"canonical":"https:\/\/www.consumerdirectmi.com\/es\/forms\/","og_locale":"es_ES","og_type":"article","og_title":"Forms - Michigan - Consumer Direct Care","og_description":"Select Section Individuals Workers Legal Representative Timesheets and Instructions Payroll Individuals Workers Legal Representative Timesheets and Instructions Payroll Individuals Workers Legal Representative Timesheets and Instructions Payroll Consumer Direct Care Network Michigan FORMS Please download the relevant forms, print, fill out, and send them to InfoCDMI@ConsumerDirectCare.com. For any assistance, feel free to contact us. Individuals\/Authorized Representative [&hellip;]","og_url":"https:\/\/www.consumerdirectmi.com\/es\/forms\/","og_site_name":"Michigan - Consumer Direct Care","article_modified_time":"2026-04-06T06:34:24+00:00","twitter_card":"summary_large_image","twitter_misc":{"Tiempo de lectura":"1 minuto"},"schema":{"@context":"https:\/\/schema.org","@graph":[{"@type":"WebPage","@id":"https:\/\/www.consumerdirectmi.com\/forms\/","url":"https:\/\/www.consumerdirectmi.com\/forms\/","name":"Forms - Michigan - Consumer Direct Care","isPartOf":{"@id":"https:\/\/www.consumerdirectmi.com\/#website"},"datePublished":"2026-03-05T06:36:00+00:00","dateModified":"2026-04-06T06:34:24+00:00","breadcrumb":{"@id":"https:\/\/www.consumerdirectmi.com\/forms\/#breadcrumb"},"inLanguage":"es","potentialAction":[{"@type":"ReadAction","target":["https:\/\/www.consumerdirectmi.com\/forms\/"]}]},{"@type":"BreadcrumbList","@id":"https:\/\/www.consumerdirectmi.com\/forms\/#breadcrumb","itemListElement":[{"@type":"ListItem","position":1,"name":"Home","item":"https:\/\/www.consumerdirectmi.com\/"},{"@type":"ListItem","position":2,"name":"Forms"}]},{"@type":"WebSite","@id":"https:\/\/www.consumerdirectmi.com\/#website","url":"https:\/\/www.consumerdirectmi.com\/","name":"Michigan - Consumer Direct Care","description":"","publisher":{"@id":"https:\/\/www.consumerdirectmi.com\/#organization"},"potentialAction":[{"@type":"SearchAction","target":{"@type":"EntryPoint","urlTemplate":"https:\/\/www.consumerdirectmi.com\/?s={search_term_string}"},"query-input":{"@type":"PropertyValueSpecification","valueRequired":true,"valueName":"search_term_string"}}],"inLanguage":"es"},{"@type":"Organization","@id":"https:\/\/www.consumerdirectmi.com\/#organization","name":"Michigan - Consumer Direct Care","url":"https:\/\/www.consumerdirectmi.com\/","logo":{"@type":"ImageObject","inLanguage":"es","@id":"https:\/\/www.consumerdirectmi.com\/#\/schema\/logo\/image\/","url":"https:\/\/www.consumerdirectmi.com\/wp-content\/uploads\/sites\/31\/2026\/03\/Michigan-Logo.jpg","contentUrl":"https:\/\/www.consumerdirectmi.com\/wp-content\/uploads\/sites\/31\/2026\/03\/Michigan-Logo.jpg","width":817,"height":249,"caption":"Michigan - Consumer Direct Care"},"image":{"@id":"https:\/\/www.consumerdirectmi.com\/#\/schema\/logo\/image\/"}}]}},"_links":{"self":[{"href":"https:\/\/www.consumerdirectmi.com\/es\/wp-json\/wp\/v2\/pages\/242","targetHints":{"allow":["GET"]}}],"collection":[{"href":"https:\/\/www.consumerdirectmi.com\/es\/wp-json\/wp\/v2\/pages"}],"about":[{"href":"https:\/\/www.consumerdirectmi.com\/es\/wp-json\/wp\/v2\/types\/page"}],"author":[{"embeddable":true,"href":"https:\/\/www.consumerdirectmi.com\/es\/wp-json\/wp\/v2\/users\/1"}],"replies":[{"embeddable":true,"href":"https:\/\/www.consumerdirectmi.com\/es\/wp-json\/wp\/v2\/comments?post=242"}],"version-history":[{"count":88,"href":"https:\/\/www.consumerdirectmi.com\/es\/wp-json\/wp\/v2\/pages\/242\/revisions"}],"predecessor-version":[{"id":1397,"href":"https:\/\/www.consumerdirectmi.com\/es\/wp-json\/wp\/v2\/pages\/242\/revisions\/1397"}],"wp:attachment":[{"href":"https:\/\/www.consumerdirectmi.com\/es\/wp-json\/wp\/v2\/media?parent=242"}],"curies":[{"name":"wp","href":"https:\/\/api.w.org\/{rel}","templated":true}]}}