{"id":210,"date":"2026-03-05T06:35:42","date_gmt":"2026-03-05T06:35:42","guid":{"rendered":"https:\/\/staging-prod-mi.cdcndevelopment.com\/services\/"},"modified":"2026-04-06T18:56:57","modified_gmt":"2026-04-06T18:56:57","slug":"services","status":"publish","type":"page","link":"https:\/\/www.consumerdirectmi.com\/vi\/services\/","title":{"rendered":"D\u1ecbch v\u1ee5"},"content":{"rendered":"<div data-elementor-type=\"wp-page\" data-elementor-id=\"210\" class=\"elementor elementor-210\" data-elementor-post-type=\"page\">\n\t\t\t\t<div class=\"elementor-element elementor-element-47e37f54 e-con-full elementor-hidden-desktop e-flex e-con e-parent\" data-id=\"47e37f54\" data-element_type=\"container\" data-settings=\"{&quot;background_background&quot;:&quot;classic&quot;}\">\n\t\t\t\t<div class=\"elementor-element elementor-element-20eac56a elementor-widget elementor-widget-n-accordion\" data-id=\"20eac56a\" data-element_type=\"widget\" data-settings=\"{&quot;default_state&quot;:&quot;all_collapsed&quot;,&quot;max_items_expended&quot;:&quot;one&quot;,&quot;n_accordion_animation_duration&quot;:{&quot;unit&quot;:&quot;ms&quot;,&quot;size&quot;:400,&quot;sizes&quot;:[]}}\" data-widget_type=\"nested-accordion.default\">\n\t\t\t\t\t\t\t<div class=\"e-n-accordion\" aria-label=\"Accordion. M\u1edf li\u00ean k\u1ebft b\u1eb1ng Enter ho\u1eb7c Space, \u0111\u00f3ng b\u1eb1ng Escape v\u00e0 di chuy\u1ec3n b\u1eb1ng c\u00e1c ph\u00edm M\u0169i t\u00ean\">\n\t\t\t\t\t\t<details id=\"e-n-accordion-item-5520\" class=\"e-n-accordion-item\" >\n\t\t\t\t<summary class=\"e-n-accordion-item-title\" data-accordion-index=\"1\" tabindex=\"0\" aria-expanded=\"false\" aria-controls=\"e-n-accordion-item-5520\" >\n\t\t\t\t\t<span class='e-n-accordion-item-title-header'><div class=\"e-n-accordion-item-title-text\"> Select Section <\/div><\/span>\n\t\t\t\t\t\t\t<span class='e-n-accordion-item-title-icon'>\n\t\t\t<span class='e-opened' ><svg xmlns=\"http:\/\/www.w3.org\/2000\/svg\" width=\"24\" height=\"24\" viewbox=\"0 0 24 24\" fill=\"none\"><path d=\"M5 13V11H19V13H5Z\" fill=\"#003764\"><\/path><\/svg><\/span>\n\t\t\t<span class='e-closed'><svg xmlns=\"http:\/\/www.w3.org\/2000\/svg\" width=\"24\" height=\"24\" viewbox=\"0 0 24 24\" fill=\"none\"><path d=\"M11 13H5V11H11V5H13V11H19V13H13V19H11V13Z\" fill=\"#003764\"><\/path><\/svg><\/span>\n\t\t<\/span>\n\n\t\t\t\t\t\t<\/summary>\n\t\t\t\t<div role=\"region\" aria-labelledby=\"e-n-accordion-item-5520\" class=\"elementor-element elementor-element-527ac6da e-con-full e-flex e-con e-child\" data-id=\"527ac6da\" data-element_type=\"container\">\n\t\t\t\t<div class=\"elementor-element elementor-element-5cb6c065 sticky-list-mb elementor-icon-list--layout-traditional elementor-list-item-link-full_width elementor-widget elementor-widget-icon-list\" data-id=\"5cb6c065\" data-element_type=\"widget\" data-widget_type=\"icon-list.default\">\n\t\t\t\t\t\t\t<ul class=\"elementor-icon-list-items\">\n\t\t\t\t\t\t\t<li class=\"elementor-icon-list-item\">\n\t\t\t\t\t\t\t\t\t\t\t<a href=\"#intro\">\n\n\t\t\t\t\t\t\t\t\t\t\t<span class=\"elementor-icon-list-text\">Intro<\/span>\n\t\t\t\t\t\t\t\t\t\t\t<\/a>\n\t\t\t\t\t\t\t\t\t<\/li>\n\t\t\t\t\t\t\t\t<li class=\"elementor-icon-list-item\">\n\t\t\t\t\t\t\t\t\t\t\t<a href=\"#support\">\n\n\t\t\t\t\t\t\t\t\t\t\t<span class=\"elementor-icon-list-text\">Support<\/span>\n\t\t\t\t\t\t\t\t\t\t\t<\/a>\n\t\t\t\t\t\t\t\t\t<\/li>\n\t\t\t\t\t\t<\/ul>\n\t\t\t\t\t\t<\/div>\n\t\t\t\t<\/div>\n\t\t\t\t\t<\/details>\n\t\t\t\t\t<\/div>\n\t\t\t\t\t\t<\/div>\n\t\t\t\t<\/div>\n\t\t<div class=\"elementor-element elementor-element-59493a6e e-con-full e-flex e-con e-parent\" data-id=\"59493a6e\" data-element_type=\"container\" data-settings=\"{&quot;background_background&quot;:&quot;classic&quot;}\">\n\t\t<div class=\"elementor-element elementor-element-623217b3 e-con-full elementor-hidden-mobile e-flex e-con e-child\" data-id=\"623217b3\" data-element_type=\"container\" data-settings=\"{&quot;background_background&quot;:&quot;classic&quot;}\">\n\t\t\t\t<div class=\"elementor-element elementor-element-4b32fd6d elementor-widget__width-initial elementor-widget elementor-widget-heading\" data-id=\"4b32fd6d\" data-element_type=\"widget\" data-widget_type=\"heading.default\">\n\t\t\t\t\t<h1 class=\"elementor-heading-title elementor-size-default\"><mark>SUPPORTING YOU<\/mark> IN YOUR HOME AND COMMUNITY<\/h1>\t\t\t\t<\/div>\n\t\t\t\t<\/div>\n\t\t<div class=\"elementor-element elementor-element-18d712e9 elementor-hidden-desktop elementor-hidden-tablet e-flex e-con-boxed e-con e-child\" data-id=\"18d712e9\" data-element_type=\"container\">\n\t\t\t\t\t<div class=\"e-con-inner\">\n\t\t\t\t<div class=\"elementor-element elementor-element-11c13779 elementor-widget__width-initial elementor-widget elementor-widget-heading\" data-id=\"11c13779\" data-element_type=\"widget\" data-widget_type=\"heading.default\">\n\t\t\t\t\t<h1 class=\"elementor-heading-title elementor-size-default\"><mark>SUPPORTING YOU<\/mark> IN YOUR HOME AND COMMUNITY<\/h1>\t\t\t\t<\/div>\n\t\t\t\t\t<\/div>\n\t\t\t\t<\/div>\n\t\t\t\t<\/div>\n\t\t<div class=\"elementor-element elementor-element-3bc11e3c e-con-full e-flex e-con e-parent\" data-id=\"3bc11e3c\" data-element_type=\"container\" data-settings=\"{&quot;background_background&quot;:&quot;classic&quot;}\">\n\t\t<div class=\"elementor-element elementor-element-7e8a4519 e-con-full elementor-hidden-tablet elementor-hidden-mobile e-flex e-con e-child\" data-id=\"7e8a4519\" data-element_type=\"container\" data-settings=\"{&quot;sticky&quot;:&quot;top&quot;,&quot;sticky_offset&quot;:150,&quot;sticky_on&quot;:[&quot;desktop&quot;,&quot;tablet&quot;,&quot;mobile&quot;],&quot;sticky_effects_offset&quot;:0,&quot;sticky_anchor_link_offset&quot;:0}\">\n\t\t\t\t<div class=\"elementor-element elementor-element-5ea67489 sticky-list elementor-icon-list--layout-traditional elementor-list-item-link-full_width elementor-widget elementor-widget-icon-list\" data-id=\"5ea67489\" data-element_type=\"widget\" data-settings=\"{&quot;sticky&quot;:&quot;top&quot;,&quot;sticky_offset&quot;:150,&quot;sticky_on&quot;:[&quot;desktop&quot;,&quot;tablet&quot;,&quot;mobile&quot;],&quot;sticky_effects_offset&quot;:0,&quot;sticky_anchor_link_offset&quot;:0}\" data-widget_type=\"icon-list.default\">\n\t\t\t\t\t\t\t<ul class=\"elementor-icon-list-items\">\n\t\t\t\t\t\t\t<li class=\"elementor-icon-list-item\">\n\t\t\t\t\t\t\t\t\t\t\t<a href=\"#intro\">\n\n\t\t\t\t\t\t\t\t\t\t\t<span class=\"elementor-icon-list-text\">Intro<\/span>\n\t\t\t\t\t\t\t\t\t\t\t<\/a>\n\t\t\t\t\t\t\t\t\t<\/li>\n\t\t\t\t\t\t\t\t<li class=\"elementor-icon-list-item\">\n\t\t\t\t\t\t\t\t\t\t\t<a href=\"#support\">\n\n\t\t\t\t\t\t\t\t\t\t\t<span class=\"elementor-icon-list-text\">Support<\/span>\n\t\t\t\t\t\t\t\t\t\t\t<\/a>\n\t\t\t\t\t\t\t\t\t<\/li>\n\t\t\t\t\t\t<\/ul>\n\t\t\t\t\t\t<\/div>\n\t\t\t\t<\/div>\n\t\t<div class=\"elementor-element elementor-element-4ed7bd2 e-con-full e-flex e-con e-child\" data-id=\"4ed7bd2\" data-element_type=\"container\">\n\t\t<div class=\"elementor-element elementor-element-36cb9da9 e-con-full e-flex e-con e-child\" data-id=\"36cb9da9\" data-element_type=\"container\" id=\"intro\">\n\t\t\t\t<div class=\"elementor-element elementor-element-6d8ea744 elementor-widget elementor-widget-text-editor\" data-id=\"6d8ea744\" data-element_type=\"widget\" data-widget_type=\"text-editor.default\">\n\t\t\t\t\t\t\t\t\t<h3>B\u1ea1n ch\u1ecdn v\u00e0 qu\u1ea3n l\u00fd nh\u00e2n vi\u00ean c\u1ee7a m\u00ecnh. Ch\u00fang t\u00f4i x\u1eed l\u00fd c\u00e1c c\u00f4ng vi\u1ec7c li\u00ean quan \u0111\u1ebfn tuy\u1ec3n d\u1ee5ng v\u00e0 b\u1ea3ng l\u01b0\u01a1ng.<\/h3>\n<p><\/p>\n<h5 style=\"padding-top: 16px\">Fiscal Intermediary Services<\/h5>\n<p>Consumer Direct Care Network Michigan helps people manage their care at home and in the community. We act as the Fiscal Intermediary (FI) for those enrolled in self-determination programs through the MI Coordinated Health HCBS waiver. We understand that you are the expert when it comes to the care you need. As the FI, we are here to support your choices.<\/p>\n<p>We specialize in services and supports that allow you choice and control so you can remain safe, healthy, and independent in your home and community.<\/p>\n<p>&nbsp;<\/p>\n<h5>FI Supports and Services to Help You Self Direct:<\/h5>\n<ul>\n<li>Worker Background Checks<\/li>\n<li>Worker Record Retention<\/li>\n<li>Processing of Time and Paychecks<\/li>\n<li>Withholding and Filing of Employer and Worker Payroll Taxes<\/li>\n<li>Compliance with Federal and State Rules and Regulations<\/li>\n<li>Providing Spending Summaries<\/li>\n<\/ul>\n\t\t\t\t\t\t\t\t<\/div>\n\t\t\t\t<\/div>\n\t\t\t\t<\/div>\n\t\t\t\t<\/div>\n\t\t<div class=\"elementor-element elementor-element-d87d51c e-con-full e-flex e-con e-parent\" data-id=\"d87d51c\" data-element_type=\"container\" id=\"support\" data-settings=\"{&quot;background_background&quot;:&quot;classic&quot;}\">\n\t\t<div class=\"elementor-element elementor-element-46d22dd e-con-full elementor-hidden-tablet elementor-hidden-mobile e-flex e-con e-child\" data-id=\"46d22dd\" data-element_type=\"container\">\n\t\t\t\t<\/div>\n\t\t<div class=\"elementor-element elementor-element-3929cac e-con-full e-flex e-con e-child\" data-id=\"3929cac\" data-element_type=\"container\" data-settings=\"{&quot;background_background&quot;:&quot;classic&quot;}\">\n\t\t\t\t<div class=\"elementor-element elementor-element-28f422e elementor-widget elementor-widget-heading\" data-id=\"28f422e\" data-element_type=\"widget\" data-widget_type=\"heading.default\">\n\t\t\t\t\t<h3 class=\"elementor-heading-title elementor-size-default\">Need more help?<\/h3>\t\t\t\t<\/div>\n\t\t\t\t<div class=\"elementor-element elementor-element-179ed64 primary-light elementor-widget elementor-widget-button\" data-id=\"179ed64\" data-element_type=\"widget\" data-widget_type=\"button.default\">\n\t\t\t\t\t\t\t\t\t\t<a class=\"elementor-button elementor-button-link elementor-size-sm\" href=\"https:\/\/www.consumerdirectmi.com\/vi\/contact\/\">\n\t\t\t\t\t\t<span class=\"elementor-button-content-wrapper\">\n\t\t\t\t\t\t\t\t\t<span class=\"elementor-button-text\">Talk to a Team Member<\/span>\n\t\t\t\t\t<\/span>\n\t\t\t\t\t<\/a>\n\t\t\t\t\t\t\t\t<\/div>\n\t\t\t\t<\/div>\n\t\t\t\t<\/div>\n\t\t\t\t<\/div>","protected":false},"excerpt":{"rendered":"<p>Select Section Intro Support Intro Support Intro Support Need more help? Talk to a Team Member<\/p>","protected":false},"author":1,"featured_media":0,"parent":0,"menu_order":0,"comment_status":"closed","ping_status":"closed","template":"","meta":{"_acf_changed":false,"footnotes":""},"class_list":["post-210","page","type-page","status-publish","hentry"],"acf":[],"yoast_head":"<!-- This site is optimized with the Yoast SEO plugin v26.0 - https:\/\/yoast.com\/wordpress\/plugins\/seo\/ -->\n<title>Services - Michigan - Consumer Direct Care<\/title>\n<meta name=\"robots\" content=\"index, follow, max-snippet:-1, max-image-preview:large, max-video-preview:-1\" \/>\n<link rel=\"canonical\" href=\"https:\/\/www.consumerdirectmi.com\/vi\/services\/\" \/>\n<meta property=\"og:locale\" content=\"vi_VN\" \/>\n<meta property=\"og:type\" content=\"article\" \/>\n<meta property=\"og:title\" content=\"Services - Michigan - Consumer Direct Care\" \/>\n<meta property=\"og:description\" content=\"Select Section Intro Support Intro Support Intro Support Need more help? Talk to a Team Member\" \/>\n<meta property=\"og:url\" content=\"https:\/\/www.consumerdirectmi.com\/vi\/services\/\" \/>\n<meta property=\"og:site_name\" content=\"Michigan - Consumer Direct Care\" \/>\n<meta property=\"article:modified_time\" content=\"2026-04-06T18:56:57+00:00\" \/>\n<meta name=\"twitter:card\" content=\"summary_large_image\" \/>\n<meta name=\"twitter:label1\" content=\"\u01af\u1edbc t\u00ednh th\u1eddi gian \u0111\u1ecdc\" \/>\n\t<meta name=\"twitter:data1\" content=\"1 ph\u00fat\" \/>\n<script type=\"application\/ld+json\" class=\"yoast-schema-graph\">{\"@context\":\"https:\/\/schema.org\",\"@graph\":[{\"@type\":\"WebPage\",\"@id\":\"https:\/\/www.consumerdirectmi.com\/services\/\",\"url\":\"https:\/\/www.consumerdirectmi.com\/services\/\",\"name\":\"Services - Michigan - Consumer Direct Care\",\"isPartOf\":{\"@id\":\"https:\/\/www.consumerdirectmi.com\/#website\"},\"datePublished\":\"2026-03-05T06:35:42+00:00\",\"dateModified\":\"2026-04-06T18:56:57+00:00\",\"breadcrumb\":{\"@id\":\"https:\/\/www.consumerdirectmi.com\/services\/#breadcrumb\"},\"inLanguage\":\"vi\",\"potentialAction\":[{\"@type\":\"ReadAction\",\"target\":[\"https:\/\/www.consumerdirectmi.com\/services\/\"]}]},{\"@type\":\"BreadcrumbList\",\"@id\":\"https:\/\/www.consumerdirectmi.com\/services\/#breadcrumb\",\"itemListElement\":[{\"@type\":\"ListItem\",\"position\":1,\"name\":\"Home\",\"item\":\"https:\/\/www.consumerdirectmi.com\/\"},{\"@type\":\"ListItem\",\"position\":2,\"name\":\"Services\"}]},{\"@type\":\"WebSite\",\"@id\":\"https:\/\/www.consumerdirectmi.com\/#website\",\"url\":\"https:\/\/www.consumerdirectmi.com\/\",\"name\":\"Michigan - Consumer Direct Care\",\"description\":\"\",\"publisher\":{\"@id\":\"https:\/\/www.consumerdirectmi.com\/#organization\"},\"potentialAction\":[{\"@type\":\"SearchAction\",\"target\":{\"@type\":\"EntryPoint\",\"urlTemplate\":\"https:\/\/www.consumerdirectmi.com\/?s={search_term_string}\"},\"query-input\":{\"@type\":\"PropertyValueSpecification\",\"valueRequired\":true,\"valueName\":\"search_term_string\"}}],\"inLanguage\":\"vi\"},{\"@type\":\"Organization\",\"@id\":\"https:\/\/www.consumerdirectmi.com\/#organization\",\"name\":\"Michigan - Consumer Direct Care\",\"url\":\"https:\/\/www.consumerdirectmi.com\/\",\"logo\":{\"@type\":\"ImageObject\",\"inLanguage\":\"vi\",\"@id\":\"https:\/\/www.consumerdirectmi.com\/#\/schema\/logo\/image\/\",\"url\":\"https:\/\/www.consumerdirectmi.com\/wp-content\/uploads\/sites\/31\/2026\/03\/Michigan-Logo.jpg\",\"contentUrl\":\"https:\/\/www.consumerdirectmi.com\/wp-content\/uploads\/sites\/31\/2026\/03\/Michigan-Logo.jpg\",\"width\":817,\"height\":249,\"caption\":\"Michigan - Consumer Direct Care\"},\"image\":{\"@id\":\"https:\/\/www.consumerdirectmi.com\/#\/schema\/logo\/image\/\"}}]}<\/script>\n<!-- \/ Yoast SEO plugin. -->","yoast_head_json":{"title":"Services - Michigan - Consumer Direct Care","robots":{"index":"index","follow":"follow","max-snippet":"max-snippet:-1","max-image-preview":"max-image-preview:large","max-video-preview":"max-video-preview:-1"},"canonical":"https:\/\/www.consumerdirectmi.com\/vi\/services\/","og_locale":"vi_VN","og_type":"article","og_title":"Services - Michigan - Consumer Direct Care","og_description":"Select Section Intro Support Intro Support Intro Support Need more help? Talk to a Team Member","og_url":"https:\/\/www.consumerdirectmi.com\/vi\/services\/","og_site_name":"Michigan - Consumer Direct Care","article_modified_time":"2026-04-06T18:56:57+00:00","twitter_card":"summary_large_image","twitter_misc":{"\u01af\u1edbc t\u00ednh th\u1eddi gian \u0111\u1ecdc":"1 ph\u00fat"},"schema":{"@context":"https:\/\/schema.org","@graph":[{"@type":"WebPage","@id":"https:\/\/www.consumerdirectmi.com\/services\/","url":"https:\/\/www.consumerdirectmi.com\/services\/","name":"Services - Michigan - Consumer Direct Care","isPartOf":{"@id":"https:\/\/www.consumerdirectmi.com\/#website"},"datePublished":"2026-03-05T06:35:42+00:00","dateModified":"2026-04-06T18:56:57+00:00","breadcrumb":{"@id":"https:\/\/www.consumerdirectmi.com\/services\/#breadcrumb"},"inLanguage":"vi","potentialAction":[{"@type":"ReadAction","target":["https:\/\/www.consumerdirectmi.com\/services\/"]}]},{"@type":"BreadcrumbList","@id":"https:\/\/www.consumerdirectmi.com\/services\/#breadcrumb","itemListElement":[{"@type":"ListItem","position":1,"name":"Home","item":"https:\/\/www.consumerdirectmi.com\/"},{"@type":"ListItem","position":2,"name":"Services"}]},{"@type":"WebSite","@id":"https:\/\/www.consumerdirectmi.com\/#website","url":"https:\/\/www.consumerdirectmi.com\/","name":"Michigan - Consumer Direct Care","description":"","publisher":{"@id":"https:\/\/www.consumerdirectmi.com\/#organization"},"potentialAction":[{"@type":"SearchAction","target":{"@type":"EntryPoint","urlTemplate":"https:\/\/www.consumerdirectmi.com\/?s={search_term_string}"},"query-input":{"@type":"PropertyValueSpecification","valueRequired":true,"valueName":"search_term_string"}}],"inLanguage":"vi"},{"@type":"Organization","@id":"https:\/\/www.consumerdirectmi.com\/#organization","name":"Michigan - Consumer Direct Care","url":"https:\/\/www.consumerdirectmi.com\/","logo":{"@type":"ImageObject","inLanguage":"vi","@id":"https:\/\/www.consumerdirectmi.com\/#\/schema\/logo\/image\/","url":"https:\/\/www.consumerdirectmi.com\/wp-content\/uploads\/sites\/31\/2026\/03\/Michigan-Logo.jpg","contentUrl":"https:\/\/www.consumerdirectmi.com\/wp-content\/uploads\/sites\/31\/2026\/03\/Michigan-Logo.jpg","width":817,"height":249,"caption":"Michigan - Consumer Direct Care"},"image":{"@id":"https:\/\/www.consumerdirectmi.com\/#\/schema\/logo\/image\/"}}]}},"_links":{"self":[{"href":"https:\/\/www.consumerdirectmi.com\/vi\/wp-json\/wp\/v2\/pages\/210","targetHints":{"allow":["GET"]}}],"collection":[{"href":"https:\/\/www.consumerdirectmi.com\/vi\/wp-json\/wp\/v2\/pages"}],"about":[{"href":"https:\/\/www.consumerdirectmi.com\/vi\/wp-json\/wp\/v2\/types\/page"}],"author":[{"embeddable":true,"href":"https:\/\/www.consumerdirectmi.com\/vi\/wp-json\/wp\/v2\/users\/1"}],"replies":[{"embeddable":true,"href":"https:\/\/www.consumerdirectmi.com\/vi\/wp-json\/wp\/v2\/comments?post=210"}],"version-history":[{"count":48,"href":"https:\/\/www.consumerdirectmi.com\/vi\/wp-json\/wp\/v2\/pages\/210\/revisions"}],"predecessor-version":[{"id":1489,"href":"https:\/\/www.consumerdirectmi.com\/vi\/wp-json\/wp\/v2\/pages\/210\/revisions\/1489"}],"wp:attachment":[{"href":"https:\/\/www.consumerdirectmi.com\/vi\/wp-json\/wp\/v2\/media?parent=210"}],"curies":[{"name":"wp","href":"https:\/\/api.w.org\/{rel}","templated":true}]}}